{"id":103,"date":"2020-11-08T22:11:22","date_gmt":"2020-11-08T22:11:22","guid":{"rendered":"http:\/\/hvezdyvnehvizdech.cz\/?page_id=103"},"modified":"2022-01-23T20:56:44","modified_gmt":"2022-01-23T20:56:44","slug":"kontakty","status":"publish","type":"page","link":"http:\/\/hvezdyvnehvizdech.cz\/en\/kontakty\/","title":{"rendered":"Contacts"},"content":{"rendered":"<h2>Meeting contacts<\/h2>\n\n\n\n<figure class=\"wp-block-table alignwide is-style-stripes\"><table><tbody><tr><td>Meeting director<\/td><td><strong>Tom\u00e1\u0161 Vojtek<\/strong><\/td><td>+420 725 885 650<\/td><td><a href=\"mailto:tomvojtek@seznam.cz\" target=\"_blank\" rel=\"noreferrer noopener\">tomvojtek@seznam.cz<\/a><\/td><\/tr><tr><td>Technical director<\/td><td><strong>Martin Maz\u00e1\u010d<\/strong><\/td><td><\/td><td><a href=\"mailto:mazacmartin@email.cz\" target=\"_blank\" rel=\"noreferrer noopener\">mazacmartin@email.cz<\/a><\/td><\/tr><tr><td>Technical Secretary<\/td><td><strong>Jan \u017di\u017eka<\/strong><\/td><td>+420 725 537 118<\/td><td><a href=\"mailto:janzizka@yahoo.com\" target=\"_blank\" rel=\"noreferrer noopener\">janzizka@yahoo.com<\/a><\/td><\/tr><tr><td>Manager<\/td><td><strong>Ji\u0159\u00ed J\u00f3n<\/strong><\/td><td>+420 603 569 769<\/td><td><a href=\"mailto:fiesta@cbox.cz\" target=\"_blank\" rel=\"noreferrer noopener\">fiesta@cbox.cz<\/a><\/td><\/tr><tr><td>Main referee<\/td><td><strong>Jakub Kub\u00e1lek<\/strong><\/td><td><\/td><td><a href=\"mailto:kubalek.jakub@seznam.cz\" target=\"_blank\" rel=\"noreferrer noopener\">kubalek.jakub@seznam.cz<\/a><\/td><\/tr><tr><td>Meeting info<\/td><td><\/td><td><\/td><td><a rel=\"noreferrer noopener\" href=\"mailto:info@hvezdyvnehvizdech.cz\" target=\"_blank\">tomvojtek@seznam.cz<\/a><\/td><\/tr><\/tbody><\/table><\/figure>\n\n\n\n<h2>Venue address<\/h2>\n\n\n\n<p><strong>Nehvizdy, Bedricha Mouchy 1001<\/strong><\/p>\n\n\n\n<iframe src=\"https:\/\/www.google.com\/maps\/embed?pb=!1m18!1m12!1m3!1d1278.7714545069962!2d14.724264658237002!3d50.132274714201536!2m3!1f0!2f0!3f0!3m2!1i1024!2i768!4f13.1!3m3!1m2!1s0x0%3A0x0!2zNTDCsDA3JzU2LjIiTiAxNMKwNDMnMzEuMyJF!5e0!3m2!1scs!2scz!4v1604875456773!5m2!1scs!2scz\" style=\"border:0;\" allowfullscreen=\"\" aria-hidden=\"false\" tabindex=\"0\" width=\"400\" height=\"300\" frameborder=\"0\"><\/iframe>","protected":false},"excerpt":{"rendered":"<p>Organiza\u010dn\u00ed t\u00fdm \u0158editel z\u00e1vodu Tom\u00e1\u0161 Vojtek +420 725 885 650 tomvojtek@seznam.cz Technick\u00fd \u0159editel Martin Maz\u00e1\u010d mazacmartin@email.cz Tajemn\u00edk Jan \u017di\u017eka +420 725 537 118 janzizka@yahoo.com Mana\u017eer Ji\u0159\u00ed J\u00f3n +420&hellip;<\/p>","protected":false},"author":1,"featured_media":346,"parent":0,"menu_order":0,"comment_status":"closed","ping_status":"closed","template":"template-full-width-cover.php","meta":{"ngg_post_thumbnail":0},"_links":{"self":[{"href":"http:\/\/hvezdyvnehvizdech.cz\/en\/wp-json\/wp\/v2\/pages\/103"}],"collection":[{"href":"http:\/\/hvezdyvnehvizdech.cz\/en\/wp-json\/wp\/v2\/pages"}],"about":[{"href":"http:\/\/hvezdyvnehvizdech.cz\/en\/wp-json\/wp\/v2\/types\/page"}],"author":[{"embeddable":true,"href":"http:\/\/hvezdyvnehvizdech.cz\/en\/wp-json\/wp\/v2\/users\/1"}],"replies":[{"embeddable":true,"href":"http:\/\/hvezdyvnehvizdech.cz\/en\/wp-json\/wp\/v2\/comments?post=103"}],"version-history":[{"count":11,"href":"http:\/\/hvezdyvnehvizdech.cz\/en\/wp-json\/wp\/v2\/pages\/103\/revisions"}],"predecessor-version":[{"id":1861,"href":"http:\/\/hvezdyvnehvizdech.cz\/en\/wp-json\/wp\/v2\/pages\/103\/revisions\/1861"}],"wp:featuredmedia":[{"embeddable":true,"href":"http:\/\/hvezdyvnehvizdech.cz\/en\/wp-json\/wp\/v2\/media\/346"}],"wp:attachment":[{"href":"http:\/\/hvezdyvnehvizdech.cz\/en\/wp-json\/wp\/v2\/media?parent=103"}],"curies":[{"name":"wp","href":"https:\/\/api.w.org\/{rel}","templated":true}]}}