{"id":108,"date":"2020-11-08T22:30:59","date_gmt":"2020-11-08T22:30:59","guid":{"rendered":"http:\/\/hvezdyvnehvizdech.cz\/?page_id=108"},"modified":"2026-02-21T19:36:05","modified_gmt":"2026-02-21T19:36:05","slug":"propozice","status":"publish","type":"page","link":"http:\/\/hvezdyvnehvizdech.cz\/en\/propozice\/","title":{"rendered":"Meeting Info"},"content":{"rendered":"<p>Download complete meeting info <a href=\"https:\/\/online.atletika.cz\/Propozice\/propozice\/83693\" target=\"_blank\" rel=\"noreferrer noopener\">HERE<\/a> (CZ)<\/p>\n\n\n\n<p><strong>TIMETABLE&nbsp;&nbsp;&nbsp;&nbsp;&nbsp;&nbsp;&nbsp;<\/strong><\/p>\n\n\n\n<p><strong>National program&nbsp;&nbsp;&nbsp;<\/strong><\/p>\n\n\n\n<p>12:15 (12:15 PM) \u2013 HIGH JUMP Men B<strong>\u00a0\u00a0\u00a0\u00a0\u00a0 <\/strong><\/p>\n\n\n\n<p>15:00 (03:00 PM) \u2013 HIGH JUMP Women \/ <em>Sokol Nehvizdy Grand Prix<\/em><\/p>\n\n\n\n<p>15:15 (03:15 PM) \u2013 SHOT PUT Men B<\/p>\n\n\n\n<p><\/p>\n\n\n\n<p><strong>International program&nbsp;&nbsp;&nbsp;&nbsp;&nbsp;&nbsp;&nbsp;&nbsp; <\/strong><\/p>\n\n\n\n<p><strong>17:00 (05:00 PM) \u2013\u00a0OPENING CEREMONY<\/strong><\/p>\n\n\n\n<p>17:25 (05:25 PM) &#8211; <strong>SHOT PUT Men<\/strong> \/ <em>Helena Fibingerov\u00e1 Cup<\/em><\/p>\n\n\n\n<p>18:00 (06:00 PM) &#8211; <strong>HIGH JUMP Men<\/strong> \/ <em>Nehvizdy Grand Prix<\/em><\/p>\n\n\n\n<p>18:45 (06:45 PM) \u2013 SHOT PUT Women<\/p>\n\n\n\n<p><\/p>\n\n\n\n<p><\/p>\n\n\n\n<hr class=\"wp-block-separator\"\/>","protected":false},"excerpt":{"rendered":"<p>Kompletn\u00ed propozice z\u00e1vodu ke sta\u017een\u00ed ZDE (CZ) \u010cASOV\u00dd PO\u0158AD&nbsp;&nbsp;&nbsp;&nbsp;&nbsp;&nbsp;&nbsp; N\u00e1rodn\u00ed program&nbsp;&nbsp;&nbsp; 12:15 (12:15 PM) &#8211; Skok vysok\u00fd mu\u017ei B\u00a0\u00a0\u00a0\u00a0\u00a0 15:00 (03:00 PM) &#8211; Skok vysok\u00fd \u017eeny \/ Cena&hellip;<\/p>","protected":false},"author":1,"featured_media":94,"parent":0,"menu_order":0,"comment_status":"closed","ping_status":"closed","template":"template-full-width-cover.php","meta":{"ngg_post_thumbnail":0},"_links":{"self":[{"href":"http:\/\/hvezdyvnehvizdech.cz\/en\/wp-json\/wp\/v2\/pages\/108"}],"collection":[{"href":"http:\/\/hvezdyvnehvizdech.cz\/en\/wp-json\/wp\/v2\/pages"}],"about":[{"href":"http:\/\/hvezdyvnehvizdech.cz\/en\/wp-json\/wp\/v2\/types\/page"}],"author":[{"embeddable":true,"href":"http:\/\/hvezdyvnehvizdech.cz\/en\/wp-json\/wp\/v2\/users\/1"}],"replies":[{"embeddable":true,"href":"http:\/\/hvezdyvnehvizdech.cz\/en\/wp-json\/wp\/v2\/comments?post=108"}],"version-history":[{"count":55,"href":"http:\/\/hvezdyvnehvizdech.cz\/en\/wp-json\/wp\/v2\/pages\/108\/revisions"}],"predecessor-version":[{"id":5451,"href":"http:\/\/hvezdyvnehvizdech.cz\/en\/wp-json\/wp\/v2\/pages\/108\/revisions\/5451"}],"wp:featuredmedia":[{"embeddable":true,"href":"http:\/\/hvezdyvnehvizdech.cz\/en\/wp-json\/wp\/v2\/media\/94"}],"wp:attachment":[{"href":"http:\/\/hvezdyvnehvizdech.cz\/en\/wp-json\/wp\/v2\/media?parent=108"}],"curies":[{"name":"wp","href":"https:\/\/api.w.org\/{rel}","templated":true}]}}