{"id":120,"date":"2020-11-08T23:31:35","date_gmt":"2020-11-08T23:31:35","guid":{"rendered":"http:\/\/hvezdyvnehvizdech.cz\/?page_id=120"},"modified":"2025-02-20T20:29:09","modified_gmt":"2025-02-20T20:29:09","slug":"napsali-o-nas","status":"publish","type":"page","link":"http:\/\/hvezdyvnehvizdech.cz\/en\/napsali-o-nas\/","title":{"rendered":"Wrote about us"},"content":{"rendered":"<h2>2025<\/h2>\n\n\n\n<p><a href=\"https:\/\/isport.blesk.cz\/clanek\/ostatni-atletika\/458480\/snad-neudela-diru-do-zdi-italsky-golem-poblaznil-telocvicnu-v-cesku.html\">iSport 20.2. 2025 &#8211; Snad neud\u011bl\u00e1 d\u00edru do zdi! Italsk\u00fd golem pobl\u00e1znil t\u011blocvi\u010dnu v \u010cesku<\/a><\/p>\n\n\n\n<h2>2022<\/h2>\n\n\n\n<p><a href=\"https:\/\/prazsky.denik.cz\/ostatni_region\/hvezdy-v-nehvizdech-jsou-stredoceskou-chloubou-mitink-pripravuje-zmeny-20220201.html\" target=\"_blank\" rel=\"noreferrer noopener\">Pra\u017esk\u00fd den\u00edk 1.2. 2022<\/a><\/p>\n\n\n\n<p><a rel=\"noreferrer noopener\" href=\"https:\/\/www.cysnews.cz\/ostatni\/do-stredoceskeho-mestyse-nehvizdy-se-sjela-vyborna-konkurence-atletu-ve-vysce-a-kouli\" target=\"_blank\">cysnews.cz 31.1. 2022<\/a><\/p>\n\n\n\n<p><a rel=\"noreferrer noopener\" href=\"https:\/\/www.nst.com.my\/sports\/others\/2022\/01\/767659\/nauraj-cracks-own-indoor-national-record\" target=\"_blank\">New Straits Times 31.1. 2022<\/a><\/p>\n\n\n\n<p><a href=\"https:\/\/www.idnes.cz\/sport\/atletika\/hvezdy-v-nehvizdech.A220130_195826_atletika_ten\" data-type=\"URL\" data-id=\"https:\/\/www.idnes.cz\/sport\/atletika\/hvezdy-v-nehvizdech.A220130_195826_atletika_ten\">i<\/a><a rel=\"noreferrer noopener\" href=\"https:\/\/www.idnes.cz\/sport\/atletika\/hvezdy-v-nehvizdech.A220130_195826_atletika_ten\" data-type=\"URL\" data-id=\"https:\/\/www.idnes.cz\/sport\/atletika\/hvezdy-v-nehvizdech.A220130_195826_atletika_ten\" target=\"_blank\">dnes.cz 30.1. 2022<\/a><\/p>\n\n\n\n<p><a rel=\"noreferrer noopener\" href=\"https:\/\/www.atletika.cz\/aktuality\/stanek-potreti-vitezny-v-nehvizdech\/\" target=\"_blank\">atletika.cz 30.1. 2022<\/a><\/p>\n\n\n\n<p><a rel=\"noreferrer noopener\" href=\"https:\/\/melnicky.denik.cz\/ostatni_region\/v-nehvizdech-se-schyluje-k-vyskarskemu-galapredstaveni-padne-v-nedeli-meta-230-2.html\" target=\"_blank\">M\u011blnick\u00fd den\u00edk 28.1. 2022<\/a><\/p>\n\n\n\n<p><a rel=\"noreferrer noopener\" href=\"https:\/\/prazsky.denik.cz\/ostatni_region\/stefela-se-tesi-do-nehvizd-prechod-do-prahy-si-chvali-i-kdyz-obcas-zabloudi-2022.html\" target=\"_blank\">Pra\u017esk\u00fd den\u00edk 28.1. 2022<\/a><\/p>\n\n\n\n<p><a rel=\"noreferrer noopener\" href=\"https:\/\/www.cez.cz\/cs\/pro-media\/tiskove-zpravy\/atleticke-spicky-miri-do-stredoceskeho-mestyse-na-svetove-uznavany-mitink-154691\" target=\"_blank\">cez.cz &#8211; tiskov\u00e1 zpr\u00e1va 27.1. 2022<\/a><\/p>\n\n\n\n<p><a rel=\"noreferrer noopener\" href=\"https:\/\/www.atletika.cz\/aktuality\/hvezdy-rozzari-nehvizdy-jiz-popate\/\" data-type=\"URL\" data-id=\"https:\/\/www.atletika.cz\/aktuality\/hvezdy-rozzari-nehvizdy-jiz-popate\/\" target=\"_blank\">atletika.cz 24.1. 2022<\/a><\/p>\n\n\n\n<p><a rel=\"noreferrer noopener\" href=\"https:\/\/kladensky.denik.cz\/ostatni_region\/dva-mitinky-z-jednoho-kraje-spolupraci-si-pochvaluji-nehvizdy-i-kladno-20220111.html\" target=\"_blank\">Kladensk\u00fd den\u00edk 11.1. 2022<\/a><\/p>\n\n\n\n<p><a rel=\"noreferrer noopener\" href=\"https:\/\/www.betarena.cz\/rubriky\/sportovni-clanky\/atletika-hvezdy-v-nehvizdech-program-vysledky_5790.html\" target=\"_blank\">betarena.cz 6.1. 2022<\/a><\/p>\n\n\n\n<p><a rel=\"noreferrer noopener\" href=\"https:\/\/kladensky.denik.cz\/ostatni_region\/ozdobou-brazilsky-obr-v-nehvizdech-radeji-prodlouzi-koularsky-sektor-20211221.html\" target=\"_blank\">Kladensk\u00fd den\u00edk 21.12. 2021<\/a><\/p>\n\n\n\n<h2>2021<\/h2>\n\n\n\n<p><a href=\"https:\/\/www.idnes.cz\/sport\/atletika\/tomas-stanek-mitink-nehvizdy.A210205_192607_atletika_rou\" target=\"_blank\" rel=\"noreferrer noopener\">idnes.cz 5.2. 2021<\/a><\/p>\n\n\n\n<p><a rel=\"noreferrer noopener\" href=\"https:\/\/www.sport.cz\/ostatni\/atletika\/clanek\/2080276-takovym-prasetem-a-tak-daleko-z-formy-ceskeho-silaka-zasla-i-svetova-rekordmanka.html#section-artcl\" target=\"_blank\">sport.cz 5.2. 2021<\/a><\/p>\n\n\n\n<p><a rel=\"noreferrer noopener\" href=\"https:\/\/www.betarena.cz\/rubriky\/sportovni-clanky\/atletika-hvezdy-v-nehvizdech-program-vysledky_5790.html\" target=\"_blank\">betarena.cz 1.2. 2021<\/a><\/p>\n\n\n\n<p><a href=\"https:\/\/kladensky.denik.cz\/ostatni_region\/reditel-mitinku-hvezdy-v-nehvizdech-vojtek-nekteri-prijedou-na-vlastni-naklady.html\" target=\"_blank\" rel=\"noreferrer noopener\">Kladensk\u00fd den\u00edk 28.1. 2021<\/a><\/p>\n\n\n\n<p><a href=\"https:\/\/www.atletika.cz\/aktuality\/nehvizdy-se-stankem-i-tamberim\/?fbclid=IwAR1RpCnfg4VsbTq8pQjodXY4eMRKw5B3x8tm3rnumOoE68fh_3e79mbu85M\" target=\"_blank\" rel=\"noreferrer noopener\">atletika.cz 14.1. 2021<\/a><\/p>\n\n\n\n<p><a href=\"https:\/\/kladensky.denik.cz\/ostatni_region\/nehvizdy-dostaly-zelenou-kladno-na-povoleni-haloveho-mitinku-ceka-20210113.html?fbclid=IwAR0AHlg70GeySxLtBas1UfKk9rwGdLN3LjnI-9xHjuceTFa81pbE9U3LUR4\" target=\"_blank\" rel=\"noreferrer noopener\">Kladensk\u00fd den\u00edk 13.1. 2021<\/a><\/p>\n\n\n\n<p><a href=\"https:\/\/prazsky.denik.cz\/ostatni_region\/slavny-ital-tamberi-ma-ozdobit-mitink-hvezdy-v-nehvizdech.html?fbclid=IwAR38S4eE83mU7T3q9_RiPGgFf2RK2URLKIS8deXmdWZWQtXFFeljSIJYgHY\" target=\"_blank\" rel=\"noreferrer noopener\">Pra\u017esk\u00fd den\u00edk<\/a><\/p>\n\n\n\n<p><a rel=\"noreferrer noopener\" href=\"https:\/\/kladensky.denik.cz\/ostatni_region\/hvezdam-se-v-nehvizdech-libi-zajem-o-mitink-maji-atleti-z-ameriky-i-mexika.html\" target=\"_blank\">Kladensk\u00fd den\u00edk<\/a><\/p>\n\n\n\n<p><a rel=\"noreferrer noopener\" href=\"https:\/\/boleslavsky.denik.cz\/ostatni_region\/hvezdam-se-v-nehvizdech-libi-zajem-o-mitink-maji-atleti-z-ameriky-i-mexika.html\" target=\"_blank\">Boleslavsk\u00fd den\u00edk<\/a><\/p>\n\n\n\n<p><a rel=\"noreferrer noopener\" href=\"https:\/\/nymbursky.denik.cz\/ostatni_region\/hvezdam-se-v-nehvizdech-libi-zajem-o-mitink-maji-atleti-z-ameriky-i-mexika.html\" target=\"_blank\">Nymbursk\u00fd den\u00edk<\/a><\/p>\n\n\n\n<p><a href=\"https:\/\/kolinsky.denik.cz\/ostatni_region\/hvezdam-se-v-nehvizdech-libi-zajem-o-mitink-maji-atleti-z-ameriky-i-mexika.html\" target=\"_blank\" rel=\"noreferrer noopener\">Kol\u00ednsk\u00fd den\u00edk<\/a><\/p>\n\n\n\n<h2>2020<\/h2>\n\n\n\n<p><a href=\"https:\/\/www.atletika.cz\/aktuality\/stanek-rozzaril-nehvizdy\/\" target=\"_blank\" rel=\"noreferrer noopener\">Atletika.cz &#8211; STAN\u011aK ROZZ\u00c1\u0158IL NEHVIZDY<\/a><\/p>\n\n\n\n<p><a href=\"https:\/\/isport.blesk.cz\/clanek\/ostatni-atletika\/374689\/svetovy-vykon-v-nehvizdech-stanek-vladne-tabulkam-dekoval-fibingerove.html\" target=\"_blank\" rel=\"noreferrer noopener\">isport.blesk.cz &#8211; Sv\u011btov\u00fd v\u00fdkon v Nehvizdech. Stan\u011bk vl\u00e1dne tabulk\u00e1m, d\u011bkoval Fibingerov\u00e9<\/a><\/p>\n\n\n\n<p><a href=\"https:\/\/sport.ceskatelevize.cz\/clanek\/atletika\/stankovi-se-podaril-mitink-v-nehvizdech-prekonal-21-metru-a-vede-tabulky\/5e28ab63fccd259ea47d1a78\" data-type=\"URL\" data-id=\"https:\/\/sport.ceskatelevize.cz\/clanek\/atletika\/stankovi-se-podaril-mitink-v-nehvizdech-prekonal-21-metru-a-vede-tabulky\/5e28ab63fccd259ea47d1a78\" target=\"_blank\" rel=\"noreferrer noopener\">\u010cesk\u00e1 televize &#8211; Sta\u0148kovi se poda\u0159il m\u00edtink v Nehvizdech. P\u0159ekonal 21 metr\u016f a vede tabulky<\/a><\/p>\n\n\n\n<p><a href=\"https:\/\/www.ceskenoviny.cz\/zpravy\/koular-stanek-vyhral-v-nehvizdech-svetovym-vykonem-roku-21-23\/1845530\" target=\"_blank\" rel=\"noreferrer noopener\">\u010cTK &#8211; Koula\u0159 Stan\u011bk vyhr\u00e1l v Nehvizdech sv\u011btov\u00fdm v\u00fdkonem roku 21,23<\/a><\/p>\n\n\n\n<p><a href=\"https:\/\/boleslavsky.denik.cz\/ostatni_region\/hala-v-nehvizdech-zase-chysta-elitni-svetovy-atleticky-zazitek-20191203.html\" target=\"_blank\" rel=\"noreferrer noopener\">Boleslavsk\u00fd den\u00edk<\/a><\/p>\n\n\n\n<p><a href=\"https:\/\/kutnohorsky.denik.cz\/ostatni_region\/hala-v-nehvizdech-zase-chysta-elitni-svetovy-atleticky-zazitek-20191203.html\">Kutnohorsk\u00fd den\u00edk<\/a><\/p>\n\n\n\n<p><a href=\"https:\/\/berounsky.denik.cz\/ostatni_region\/hala-v-nehvizdech-zase-chysta-elitni-svetovy-atleticky-zazitek-20191203.html\" target=\"_blank\" rel=\"noreferrer noopener\">Berounsk\u00fd den\u00edk<\/a><\/p>\n\n\n\n<p><a href=\"https:\/\/pribramsky.denik.cz\/ostatni_region\/hala-v-nehvizdech-zase-chysta-elitni-svetovy-atleticky-zazitek-20191203.html\" target=\"_blank\" rel=\"noreferrer noopener\">P\u0159\u00edbramsk\u00fd den\u00edk<\/a><\/p>\n\n\n\n<h2>2019<\/h2>\n\n\n\n<p><a rel=\"noreferrer noopener\" href=\"https:\/\/www.atletika.cz\/aktuality\/hvezdy-opet-rozzarily-nehvizdy\/\" target=\"_blank\">\u010cesk\u00fd atletick\u00fd svaz \u2013 Hv\u011bzdy op\u011bt rozz\u00e1\u0159ily Nehvizdy<\/a><\/p>\n\n\n\n<p><a rel=\"noreferrer noopener\" href=\"https:\/\/www.atletika.cz\/aktuality\/nehvizdy-po-roce-opet-hvezdne\/\" target=\"_blank\">\u010cesk\u00fd atletick\u00fd svaz \u2013 Nehvizdy po roce op\u011bt hv\u011bzdn\u00e9<\/a><\/p>\n\n\n\n<p><a rel=\"noreferrer noopener\" href=\"https:\/\/www.nehvizdy.cz\/modules\/file_storage\/download.php?file=6f021dd1|181\" target=\"_blank\">Druh\u00fd ro\u010dn\u00edk \u2013 Nehvizdsk\u00fd kur\u00fdr (PDF)<\/a><\/p>\n\n\n\n<p><a rel=\"noreferrer noopener\" href=\"https:\/\/www.atletika.cz\/aktuality\/zazari-hvezdy-v-nehvizdech\/\" target=\"_blank\">\u010cesk\u00fd atletick\u00fd svaz &#8211; Zaz\u00e1\u0159\u00ed hv\u011bzdy v nehvizdech<\/a><\/p>\n\n\n\n<h2>2018<\/h2>\n\n\n\n<p><a rel=\"noreferrer noopener\" href=\"http:\/\/hvezdyvnehvizdech.cz\/en\/data\/uploads\/nehvizdy-prosinec2017-final2.pdf\/\" target=\"_blank\">Nehvizdsk\u00fd kur\u00fdr (PDF)<\/a><\/p>\n\n\n\n<p><a rel=\"noreferrer noopener\" href=\"https:\/\/kolinsky.denik.cz\/ostatni_region\/baba-helcelet-a-dalsi-atleticka-esa-nacnou-zavodni-rok-kousek-za-prahou-20180117.html\" target=\"_blank\">B\u00e1ba, Helcelet a dal\u0161\u00ed. Atletick\u00e1 esa na\u010dnou z\u00e1vodn\u00ed rok kousek za Prahou<\/a><\/p>\n\n\n\n<p><a rel=\"noreferrer noopener\" href=\"http:\/\/www.atletika.cz\/aktuality\/hvezdy-rozzarily-nehvizdy\/\" target=\"_blank\">\u010cesk\u00fd atletick\u00fd svaz &#8211; Hv\u011bzdy rozz\u00e1\u0159ily Nehvizdy<\/a><\/p>\n\n\n\n<p><a href=\"http:\/\/www.ceskatelevize.cz\/ivysilani\/10103510226-sport-v-regionech\/218471290030004-hvezdy-v-nehvizdech-nehvizdy\" target=\"_blank\" rel=\"noreferrer noopener\">\u010cesk\u00e1 televize &#8211; Hv\u011bzdy v Nehvizdy<\/a><\/p>","protected":false},"excerpt":{"rendered":"<p>2025 iSport 20.2. 2025 &#8211; Snad neud\u011bl\u00e1 d\u00edru do zdi! Italsk\u00fd golem pobl\u00e1znil t\u011blocvi\u010dnu v \u010cesku 2022 Pra\u017esk\u00fd den\u00edk 1.2. 2022 cysnews.cz 31.1. 2022 New Straits Times 31.1.&hellip;<\/p>","protected":false},"author":1,"featured_media":95,"parent":0,"menu_order":0,"comment_status":"closed","ping_status":"closed","template":"template-full-width-cover.php","meta":{"ngg_post_thumbnail":0},"_links":{"self":[{"href":"http:\/\/hvezdyvnehvizdech.cz\/en\/wp-json\/wp\/v2\/pages\/120"}],"collection":[{"href":"http:\/\/hvezdyvnehvizdech.cz\/en\/wp-json\/wp\/v2\/pages"}],"about":[{"href":"http:\/\/hvezdyvnehvizdech.cz\/en\/wp-json\/wp\/v2\/types\/page"}],"author":[{"embeddable":true,"href":"http:\/\/hvezdyvnehvizdech.cz\/en\/wp-json\/wp\/v2\/users\/1"}],"replies":[{"embeddable":true,"href":"http:\/\/hvezdyvnehvizdech.cz\/en\/wp-json\/wp\/v2\/comments?post=120"}],"version-history":[{"count":18,"href":"http:\/\/hvezdyvnehvizdech.cz\/en\/wp-json\/wp\/v2\/pages\/120\/revisions"}],"predecessor-version":[{"id":5428,"href":"http:\/\/hvezdyvnehvizdech.cz\/en\/wp-json\/wp\/v2\/pages\/120\/revisions\/5428"}],"wp:featuredmedia":[{"embeddable":true,"href":"http:\/\/hvezdyvnehvizdech.cz\/en\/wp-json\/wp\/v2\/media\/95"}],"wp:attachment":[{"href":"http:\/\/hvezdyvnehvizdech.cz\/en\/wp-json\/wp\/v2\/media?parent=120"}],"curies":[{"name":"wp","href":"https:\/\/api.w.org\/{rel}","templated":true}]}}